{"id":1748,"date":"2024-07-11T13:06:53","date_gmt":"2024-07-11T13:06:53","guid":{"rendered":"https:\/\/demo.awaikenthemes.com\/dentaire\/?page_id=1748"},"modified":"2026-02-11T15:10:50","modified_gmt":"2026-02-11T13:10:50","slug":"about-us","status":"publish","type":"page","link":"https:\/\/comfortdent.lv\/en\/about-us\/","title":{"rendered":"About us"},"content":{"rendered":"<div data-elementor-type=\"wp-page\" data-elementor-id=\"1748\" class=\"elementor elementor-1748\" data-elementor-post-type=\"page\">\n\t\t\t\t<div class=\"elementor-element elementor-element-baee273 e-flex e-con-boxed e-con e-parent\" data-id=\"baee273\" data-element_type=\"container\" data-settings=\"{&quot;background_background&quot;:&quot;classic&quot;}\">\n\t\t\t\t\t<div class=\"e-con-inner\">\n\t\t<div class=\"elementor-element elementor-element-236e3eb e-con-full e-flex e-con e-child\" data-id=\"236e3eb\" data-element_type=\"container\">\n\t\t\t\t<div class=\"elementor-element elementor-element-1873cd0 at-heading-animation at-animation-heading-style-2 elementor-widget elementor-widget-heading\" data-id=\"1873cd0\" data-element_type=\"widget\" data-settings=\"{&quot;ekit_we_effect_on&quot;:&quot;none&quot;}\" data-widget_type=\"heading.default\">\n\t\t\t\t\t<h1 class=\"elementor-heading-title elementor-size-default\"><span>About<\/span> us<\/h1>\t\t\t\t<\/div>\n\t\t\t\t<div class=\"elementor-element elementor-element-f9e3598 elementor-hidden-desktop elementor-hidden-tablet elementor-hidden-mobile elementor-invisible elementor-widget elementor-widget-elementskit-breadcrumb\" data-id=\"f9e3598\" data-element_type=\"widget\" data-settings=\"{&quot;_animation&quot;:&quot;fadeInUp&quot;,&quot;ekit_we_effect_on&quot;:&quot;none&quot;}\" data-widget_type=\"elementskit-breadcrumb.default\">\n\t\t\t\t<div class=\"elementor-widget-container\">\n\t\t\t\t\t<div class=\"ekit-wid-con\" ><ol class=\"ekit-breadcrumb\"><li class=\"ekit_breadcrumbs_start\"><a href=\"https:\/\/comfortdent.lv\/ru\">\u0413\u043b\u0430\u0432\u043d\u0430\u044f<\/a><\/li><\/ol><\/div>\t\t\t\t<\/div>\n\t\t\t\t<\/div>\n\t\t\t\t<\/div>\n\t\t\t\t\t<\/div>\n\t\t\t\t<\/div>\n\t\t<div class=\"elementor-element elementor-element-f655198 e-flex e-con-boxed e-con e-parent\" data-id=\"f655198\" data-element_type=\"container\">\n\t\t\t\t\t<div class=\"e-con-inner\">\n\t\t\t\t<div class=\"elementor-element elementor-element-58b76c5 at-heading-animation at-animation-heading-style-2 elementor-invisible elementor-widget elementor-widget-heading\" data-id=\"58b76c5\" data-element_type=\"widget\" data-settings=\"{&quot;_animation&quot;:&quot;fadeInUp&quot;,&quot;ekit_we_effect_on&quot;:&quot;none&quot;}\" data-widget_type=\"heading.default\">\n\t\t\t\t\t<h2 class=\"elementor-heading-title elementor-size-default\">ComfortDent Dental Clinic<\/h2>\t\t\t\t<\/div>\n\t\t<div class=\"elementor-element elementor-element-1a0fbf1 e-con-full e-flex elementor-invisible e-con e-child\" data-id=\"1a0fbf1\" data-element_type=\"container\" data-settings=\"{&quot;animation&quot;:&quot;fadeInUp&quot;}\">\n\t\t<div class=\"elementor-element elementor-element-d10294a e-con-full e-flex e-con e-child\" data-id=\"d10294a\" data-element_type=\"container\">\n\t\t\t\t<div class=\"elementor-element elementor-element-fa7d626 elementor-widget elementor-widget-text-editor\" data-id=\"fa7d626\" data-element_type=\"widget\" data-settings=\"{&quot;ekit_we_effect_on&quot;:&quot;none&quot;}\" data-widget_type=\"text-editor.default\">\n\t\t\t\t\t\t\t\t\t<p><strong>ComfortDent Dentistry<\/strong> offers a wide range of dental services: tooth treatment, restoration, and reconstruction.<\/p><p><strong>Our main principles of work are<\/strong>: pain-free treatment, infection safety, and medical justification in all therapeutic and diagnostic procedures for tooth decay treatment.<\/p><p><strong>We respect<\/strong> our patients\u2019 interests, as evidenced by ergonomic dental equipment, state-of-the-art disinfection and sterilization systems, effective pain-relief injections, and high-quality dental filling materials.<\/p>\t\t\t\t\t\t\t\t<\/div>\n\t\t\t\t<\/div>\n\t\t<div class=\"elementor-element elementor-element-db6eddb e-con-full e-flex e-con e-child\" data-id=\"db6eddb\" data-element_type=\"container\">\n\t\t\t\t<div class=\"elementor-element elementor-element-a1f2359 elementor-widget elementor-widget-text-editor\" data-id=\"a1f2359\" data-element_type=\"widget\" data-settings=\"{&quot;ekit_we_effect_on&quot;:&quot;none&quot;}\" data-widget_type=\"text-editor.default\">\n\t\t\t\t\t\t\t\t\t<p><strong>Our team of doctors<\/strong> consists of professional dentists who love their work and continuously enhance their qualifications by participating in international conferences and exhibitions in Latvia and abroad. Their expertise is certified with diplomas and certificates.<\/p><p><strong>ComfortDent<\/strong> is a comprehensive approach to dental treatment using modern technologies in therapy, dental aesthetics, and surgical dentistry (periodontal treatment), allowing our patients to feel happy.<\/p><p><strong>Our clinic<\/strong> meets European quality standards, while offering affordable prices. Think about the health and beauty of your smile today!<\/p>\t\t\t\t\t\t\t\t<\/div>\n\t\t\t\t<\/div>\n\t\t\t\t<\/div>\n\t\t\t\t\t<\/div>\n\t\t\t\t<\/div>\n\t\t<div class=\"elementor-element elementor-element-37e6c54 e-flex e-con-boxed e-con e-parent\" data-id=\"37e6c54\" data-element_type=\"container\" data-settings=\"{&quot;background_background&quot;:&quot;classic&quot;}\">\n\t\t\t\t\t<div class=\"e-con-inner\">\n\t\t<div class=\"elementor-element elementor-element-1b9543e e-con-full e-flex elementor-invisible e-con e-child\" data-id=\"1b9543e\" data-element_type=\"container\" data-settings=\"{&quot;animation&quot;:&quot;fadeInUp&quot;}\">\n\t\t\t\t<div class=\"elementor-element elementor-element-24399ed at-heading-animation at-animation-heading-none elementor-widget elementor-widget-heading\" data-id=\"24399ed\" data-element_type=\"widget\" data-settings=\"{&quot;ekit_we_effect_on&quot;:&quot;none&quot;}\" data-widget_type=\"heading.default\">\n\t\t\t\t\t<h3 class=\"elementor-heading-title elementor-size-default\">Dentist Tatyana Chernishova<\/h3>\t\t\t\t<\/div>\n\t\t\t\t<div class=\"elementor-element elementor-element-ed73d0d elementor-widget elementor-widget-image\" data-id=\"ed73d0d\" data-element_type=\"widget\" data-settings=\"{&quot;ekit_we_effect_on&quot;:&quot;none&quot;}\" data-widget_type=\"image.default\">\n\t\t\t\t\t\t\t\t\t\t\t\t\t\t\t<img fetchpriority=\"high\" decoding=\"async\" width=\"219\" height=\"300\" src=\"https:\/\/comfortdent.lv\/wp-content\/uploads\/2026\/02\/Prof-photo-1-219x300.webp\" class=\"attachment-medium size-medium wp-image-8755\" alt=\"\" srcset=\"https:\/\/comfortdent.lv\/wp-content\/uploads\/2026\/02\/Prof-photo-1-219x300.webp 219w, https:\/\/comfortdent.lv\/wp-content\/uploads\/2026\/02\/Prof-photo-1-747x1024.webp 747w, https:\/\/comfortdent.lv\/wp-content\/uploads\/2026\/02\/Prof-photo-1-768x1052.webp 768w, https:\/\/comfortdent.lv\/wp-content\/uploads\/2026\/02\/Prof-photo-1-9x12.webp 9w, https:\/\/comfortdent.lv\/wp-content\/uploads\/2026\/02\/Prof-photo-1.webp 864w\" sizes=\"(max-width: 219px) 100vw, 219px\" \/>\t\t\t\t\t\t\t\t\t\t\t\t\t\t\t<\/div>\n\t\t\t\t<div class=\"elementor-element elementor-element-022efbc elementor-widget elementor-widget-text-editor\" data-id=\"022efbc\" data-element_type=\"widget\" data-settings=\"{&quot;ekit_we_effect_on&quot;:&quot;none&quot;}\" data-widget_type=\"text-editor.default\">\n\t\t\t\t\t\t\t\t\t<p><strong>Profession:<\/strong> Dentist<\/p><p><strong>Specialization:<\/strong> General dentistry, therapy, endodontics, pediatric dentistry, surgery, implantology.<\/p><p><strong>Work experience \/ education: <\/strong>In 1990, graduated from the Latvian Medical Academy, Faculty of Dentistry.<br \/>Since 1993, has been engaged in private practice at the scientific and manufacturing commercial company VLATA Ltd.<\/p><p>Since 2012, has been managing the private practice \u201cComfortDent.\u201d<br \/>Regularly improves professional qualifications by participating in seminars and specialized courses in Lithuania, Russia, Germany, Switzerland, as well as Latvia.<br \/>Has extensive experience in dentistry: dental restoration, oral surgery, and endodontics.<br \/>Very sensitive and kind approach to patients.<\/p><p>Speaks Russian, Latvian and English languages.<\/p>\t\t\t\t\t\t\t\t<\/div>\n\t\t\t\t<\/div>\n\t\t<div class=\"elementor-element elementor-element-1b31603 e-con-full e-flex elementor-invisible e-con e-child\" data-id=\"1b31603\" data-element_type=\"container\" data-settings=\"{&quot;animation&quot;:&quot;fadeInUp&quot;}\">\n\t\t\t\t<div class=\"elementor-element elementor-element-01fc8e1 at-heading-animation at-animation-heading-none elementor-widget elementor-widget-heading\" data-id=\"01fc8e1\" data-element_type=\"widget\" data-settings=\"{&quot;ekit_we_effect_on&quot;:&quot;none&quot;}\" data-widget_type=\"heading.default\">\n\t\t\t\t\t<h3 class=\"elementor-heading-title elementor-size-default\">Certificates<\/h3>\t\t\t\t<\/div>\n\t\t\t\t<div class=\"elementor-element elementor-element-b927b05 gallery-spacing-custom elementor-widget elementor-widget-image-gallery\" data-id=\"b927b05\" data-element_type=\"widget\" data-settings=\"{&quot;ekit_we_effect_on&quot;:&quot;none&quot;}\" data-widget_type=\"image-gallery.default\">\n\t\t\t\t\t\t\t<div class=\"elementor-image-gallery\">\n\t\t\t<div id='gallery-1' class='gallery galleryid-1748 gallery-columns-2 gallery-size-medium_large'><figure class='gallery-item'>\n\t\t\t<div class='gallery-icon landscape'>\n\t\t\t\t<a data-elementor-open-lightbox=\"yes\" data-elementor-lightbox-slideshow=\"b927b05\" data-e-action-hash=\"#elementor-action%3Aaction%3Dlightbox%26settings%3DeyJpZCI6ODU1MiwidXJsIjoiaHR0cHM6XC9cL2NvbWZvcnRkZW50Lmx2XC93cC1jb250ZW50XC91cGxvYWRzXC8yMDI2XC8wMVwvVW50aXRsZWQuanBnIiwic2xpZGVzaG93IjoiYjkyN2IwNSJ9\" href='https:\/\/comfortdent.lv\/wp-content\/uploads\/2026\/01\/Untitled.jpg'><img decoding=\"async\" width=\"768\" height=\"558\" src=\"https:\/\/comfortdent.lv\/wp-content\/uploads\/2026\/01\/Untitled-768x558.jpg\" class=\"attachment-medium_large size-medium_large\" alt=\"\" srcset=\"https:\/\/comfortdent.lv\/wp-content\/uploads\/2026\/01\/Untitled-768x558.jpg 768w, https:\/\/comfortdent.lv\/wp-content\/uploads\/2026\/01\/Untitled-300x218.jpg 300w, https:\/\/comfortdent.lv\/wp-content\/uploads\/2026\/01\/Untitled-1024x745.jpg 1024w, https:\/\/comfortdent.lv\/wp-content\/uploads\/2026\/01\/Untitled-1536x1117.jpg 1536w, https:\/\/comfortdent.lv\/wp-content\/uploads\/2026\/01\/Untitled.jpg 1755w\" sizes=\"(max-width: 768px) 100vw, 768px\" \/><\/a>\n\t\t\t<\/div><\/figure><figure class='gallery-item'>\n\t\t\t<div class='gallery-icon landscape'>\n\t\t\t\t<a data-elementor-open-lightbox=\"yes\" data-elementor-lightbox-slideshow=\"b927b05\" data-e-action-hash=\"#elementor-action%3Aaction%3Dlightbox%26settings%3DeyJpZCI6ODU1MywidXJsIjoiaHR0cHM6XC9cL2NvbWZvcnRkZW50Lmx2XC93cC1jb250ZW50XC91cGxvYWRzXC8yMDI2XC8wMVwvVW50aXRsZWQxLWNvcHkuanBnIiwic2xpZGVzaG93IjoiYjkyN2IwNSJ9\" href='https:\/\/comfortdent.lv\/wp-content\/uploads\/2026\/01\/Untitled1-copy.jpg'><img decoding=\"async\" width=\"768\" height=\"558\" src=\"https:\/\/comfortdent.lv\/wp-content\/uploads\/2026\/01\/Untitled1-copy-768x558.jpg\" class=\"attachment-medium_large size-medium_large\" alt=\"\" srcset=\"https:\/\/comfortdent.lv\/wp-content\/uploads\/2026\/01\/Untitled1-copy-768x558.jpg 768w, https:\/\/comfortdent.lv\/wp-content\/uploads\/2026\/01\/Untitled1-copy-300x218.jpg 300w, https:\/\/comfortdent.lv\/wp-content\/uploads\/2026\/01\/Untitled1-copy-1024x745.jpg 1024w, https:\/\/comfortdent.lv\/wp-content\/uploads\/2026\/01\/Untitled1-copy-1536x1117.jpg 1536w, https:\/\/comfortdent.lv\/wp-content\/uploads\/2026\/01\/Untitled1-copy.jpg 1755w\" sizes=\"(max-width: 768px) 100vw, 768px\" \/><\/a>\n\t\t\t<\/div><\/figure><figure class='gallery-item'>\n\t\t\t<div class='gallery-icon landscape'>\n\t\t\t\t<a data-elementor-open-lightbox=\"yes\" data-elementor-lightbox-slideshow=\"b927b05\" data-e-action-hash=\"#elementor-action%3Aaction%3Dlightbox%26settings%3DeyJpZCI6ODU1NCwidXJsIjoiaHR0cHM6XC9cL2NvbWZvcnRkZW50Lmx2XC93cC1jb250ZW50XC91cGxvYWRzXC8yMDI2XC8wMVwvVW50aXRsZWQyLmpwZyIsInNsaWRlc2hvdyI6ImI5MjdiMDUifQ%3D%3D\" href='https:\/\/comfortdent.lv\/wp-content\/uploads\/2026\/01\/Untitled2.jpg'><img loading=\"lazy\" decoding=\"async\" width=\"768\" height=\"558\" src=\"https:\/\/comfortdent.lv\/wp-content\/uploads\/2026\/01\/Untitled2-768x558.jpg\" class=\"attachment-medium_large size-medium_large\" alt=\"\" srcset=\"https:\/\/comfortdent.lv\/wp-content\/uploads\/2026\/01\/Untitled2-768x558.jpg 768w, https:\/\/comfortdent.lv\/wp-content\/uploads\/2026\/01\/Untitled2-300x218.jpg 300w, https:\/\/comfortdent.lv\/wp-content\/uploads\/2026\/01\/Untitled2-1024x745.jpg 1024w, https:\/\/comfortdent.lv\/wp-content\/uploads\/2026\/01\/Untitled2-1536x1117.jpg 1536w, https:\/\/comfortdent.lv\/wp-content\/uploads\/2026\/01\/Untitled2.jpg 1755w\" sizes=\"(max-width: 768px) 100vw, 768px\" \/><\/a>\n\t\t\t<\/div><\/figure><figure class='gallery-item'>\n\t\t\t<div class='gallery-icon landscape'>\n\t\t\t\t<a data-elementor-open-lightbox=\"yes\" data-elementor-lightbox-slideshow=\"b927b05\" data-e-action-hash=\"#elementor-action%3Aaction%3Dlightbox%26settings%3DeyJpZCI6ODU1NSwidXJsIjoiaHR0cHM6XC9cL2NvbWZvcnRkZW50Lmx2XC93cC1jb250ZW50XC91cGxvYWRzXC8yMDI2XC8wMVwvVW50aXRsZWQzLWNvcHkuanBnIiwic2xpZGVzaG93IjoiYjkyN2IwNSJ9\" href='https:\/\/comfortdent.lv\/wp-content\/uploads\/2026\/01\/Untitled3-copy.jpg'><img loading=\"lazy\" decoding=\"async\" width=\"768\" height=\"558\" src=\"https:\/\/comfortdent.lv\/wp-content\/uploads\/2026\/01\/Untitled3-copy-768x558.jpg\" class=\"attachment-medium_large size-medium_large\" alt=\"\" srcset=\"https:\/\/comfortdent.lv\/wp-content\/uploads\/2026\/01\/Untitled3-copy-768x558.jpg 768w, https:\/\/comfortdent.lv\/wp-content\/uploads\/2026\/01\/Untitled3-copy-300x218.jpg 300w, https:\/\/comfortdent.lv\/wp-content\/uploads\/2026\/01\/Untitled3-copy-1024x745.jpg 1024w, https:\/\/comfortdent.lv\/wp-content\/uploads\/2026\/01\/Untitled3-copy-1536x1117.jpg 1536w, https:\/\/comfortdent.lv\/wp-content\/uploads\/2026\/01\/Untitled3-copy.jpg 1755w\" sizes=\"(max-width: 768px) 100vw, 768px\" \/><\/a>\n\t\t\t<\/div><\/figure><figure class='gallery-item'>\n\t\t\t<div class='gallery-icon landscape'>\n\t\t\t\t<a data-elementor-open-lightbox=\"yes\" data-elementor-lightbox-slideshow=\"b927b05\" data-e-action-hash=\"#elementor-action%3Aaction%3Dlightbox%26settings%3DeyJpZCI6ODU1NiwidXJsIjoiaHR0cHM6XC9cL2NvbWZvcnRkZW50Lmx2XC93cC1jb250ZW50XC91cGxvYWRzXC8yMDI2XC8wMVwvVW50aXRsZWQ0LWNvcHkuanBnIiwic2xpZGVzaG93IjoiYjkyN2IwNSJ9\" href='https:\/\/comfortdent.lv\/wp-content\/uploads\/2026\/01\/Untitled4-copy.jpg'><img loading=\"lazy\" decoding=\"async\" width=\"768\" height=\"558\" src=\"https:\/\/comfortdent.lv\/wp-content\/uploads\/2026\/01\/Untitled4-copy-768x558.jpg\" class=\"attachment-medium_large size-medium_large\" alt=\"\" srcset=\"https:\/\/comfortdent.lv\/wp-content\/uploads\/2026\/01\/Untitled4-copy-768x558.jpg 768w, https:\/\/comfortdent.lv\/wp-content\/uploads\/2026\/01\/Untitled4-copy-300x218.jpg 300w, https:\/\/comfortdent.lv\/wp-content\/uploads\/2026\/01\/Untitled4-copy-1024x745.jpg 1024w, https:\/\/comfortdent.lv\/wp-content\/uploads\/2026\/01\/Untitled4-copy-1536x1117.jpg 1536w, https:\/\/comfortdent.lv\/wp-content\/uploads\/2026\/01\/Untitled4-copy.jpg 1755w\" sizes=\"(max-width: 768px) 100vw, 768px\" \/><\/a>\n\t\t\t<\/div><\/figure><figure class='gallery-item'>\n\t\t\t<div class='gallery-icon landscape'>\n\t\t\t\t<a data-elementor-open-lightbox=\"yes\" data-elementor-lightbox-slideshow=\"b927b05\" data-e-action-hash=\"#elementor-action%3Aaction%3Dlightbox%26settings%3DeyJpZCI6ODU1NywidXJsIjoiaHR0cHM6XC9cL2NvbWZvcnRkZW50Lmx2XC93cC1jb250ZW50XC91cGxvYWRzXC8yMDI2XC8wMVwvVW50aXRsZWQ1LmpwZyIsInNsaWRlc2hvdyI6ImI5MjdiMDUifQ%3D%3D\" href='https:\/\/comfortdent.lv\/wp-content\/uploads\/2026\/01\/Untitled5.jpg'><img loading=\"lazy\" decoding=\"async\" width=\"768\" height=\"558\" src=\"https:\/\/comfortdent.lv\/wp-content\/uploads\/2026\/01\/Untitled5-768x558.jpg\" class=\"attachment-medium_large size-medium_large\" alt=\"\" srcset=\"https:\/\/comfortdent.lv\/wp-content\/uploads\/2026\/01\/Untitled5-768x558.jpg 768w, https:\/\/comfortdent.lv\/wp-content\/uploads\/2026\/01\/Untitled5-300x218.jpg 300w, https:\/\/comfortdent.lv\/wp-content\/uploads\/2026\/01\/Untitled5-1024x745.jpg 1024w, https:\/\/comfortdent.lv\/wp-content\/uploads\/2026\/01\/Untitled5-1536x1117.jpg 1536w, https:\/\/comfortdent.lv\/wp-content\/uploads\/2026\/01\/Untitled5.jpg 1755w\" sizes=\"(max-width: 768px) 100vw, 768px\" \/><\/a>\n\t\t\t<\/div><\/figure><figure class='gallery-item'>\n\t\t\t<div class='gallery-icon landscape'>\n\t\t\t\t<a data-elementor-open-lightbox=\"yes\" data-elementor-lightbox-slideshow=\"b927b05\" data-e-action-hash=\"#elementor-action%3Aaction%3Dlightbox%26settings%3DeyJpZCI6ODU1OCwidXJsIjoiaHR0cHM6XC9cL2NvbWZvcnRkZW50Lmx2XC93cC1jb250ZW50XC91cGxvYWRzXC8yMDI2XC8wMVwvVW50aXRsZWQ2LWNvcHkuanBnIiwic2xpZGVzaG93IjoiYjkyN2IwNSJ9\" href='https:\/\/comfortdent.lv\/wp-content\/uploads\/2026\/01\/Untitled6-copy.jpg'><img loading=\"lazy\" decoding=\"async\" width=\"768\" height=\"558\" src=\"https:\/\/comfortdent.lv\/wp-content\/uploads\/2026\/01\/Untitled6-copy-768x558.jpg\" class=\"attachment-medium_large size-medium_large\" alt=\"\" srcset=\"https:\/\/comfortdent.lv\/wp-content\/uploads\/2026\/01\/Untitled6-copy-768x558.jpg 768w, https:\/\/comfortdent.lv\/wp-content\/uploads\/2026\/01\/Untitled6-copy-300x218.jpg 300w, https:\/\/comfortdent.lv\/wp-content\/uploads\/2026\/01\/Untitled6-copy-1024x745.jpg 1024w, https:\/\/comfortdent.lv\/wp-content\/uploads\/2026\/01\/Untitled6-copy-1536x1117.jpg 1536w, https:\/\/comfortdent.lv\/wp-content\/uploads\/2026\/01\/Untitled6-copy.jpg 1755w\" sizes=\"(max-width: 768px) 100vw, 768px\" \/><\/a>\n\t\t\t<\/div><\/figure><figure class='gallery-item'>\n\t\t\t<div class='gallery-icon landscape'>\n\t\t\t\t<a data-elementor-open-lightbox=\"yes\" data-elementor-lightbox-slideshow=\"b927b05\" data-e-action-hash=\"#elementor-action%3Aaction%3Dlightbox%26settings%3DeyJpZCI6ODU1OSwidXJsIjoiaHR0cHM6XC9cL2NvbWZvcnRkZW50Lmx2XC93cC1jb250ZW50XC91cGxvYWRzXC8yMDI2XC8wMVwvVW50aXRsZWQ3LWNvcHkuanBnIiwic2xpZGVzaG93IjoiYjkyN2IwNSJ9\" href='https:\/\/comfortdent.lv\/wp-content\/uploads\/2026\/01\/Untitled7-copy.jpg'><img loading=\"lazy\" decoding=\"async\" width=\"768\" height=\"558\" src=\"https:\/\/comfortdent.lv\/wp-content\/uploads\/2026\/01\/Untitled7-copy-768x558.jpg\" class=\"attachment-medium_large size-medium_large\" alt=\"\" srcset=\"https:\/\/comfortdent.lv\/wp-content\/uploads\/2026\/01\/Untitled7-copy-768x558.jpg 768w, https:\/\/comfortdent.lv\/wp-content\/uploads\/2026\/01\/Untitled7-copy-300x218.jpg 300w, https:\/\/comfortdent.lv\/wp-content\/uploads\/2026\/01\/Untitled7-copy-1024x745.jpg 1024w, https:\/\/comfortdent.lv\/wp-content\/uploads\/2026\/01\/Untitled7-copy-1536x1117.jpg 1536w, https:\/\/comfortdent.lv\/wp-content\/uploads\/2026\/01\/Untitled7-copy.jpg 1755w\" sizes=\"(max-width: 768px) 100vw, 768px\" \/><\/a>\n\t\t\t<\/div><\/figure>\n\t\t<\/div>\n\t\t<\/div>\n\t\t\t\t\t\t<\/div>\n\t\t\t\t<\/div>\n\t\t\t\t\t<\/div>\n\t\t\t\t<\/div>\n\t\t\t\t<\/div>","protected":false},"excerpt":{"rendered":"<p>Par mums Home Stomatolo\u0123isk\u0101 kl\u012bnika ComfortDent Stomatolo\u0123ija ComfortDent pied\u0101v\u0101 pla\u0161u zob\u0101rstniec\u012bbas spektru: zobu \u0101rst\u0113\u0161anu, atjauno\u0161anu [&hellip;]<\/p>","protected":false},"author":1,"featured_media":0,"parent":0,"menu_order":0,"comment_status":"closed","ping_status":"closed","template":"elementor_header_footer","meta":{"footnotes":""},"class_list":["post-1748","page","type-page","status-publish","hentry"],"_links":{"self":[{"href":"https:\/\/comfortdent.lv\/en\/wp-json\/wp\/v2\/pages\/1748","targetHints":{"allow":["GET"]}}],"collection":[{"href":"https:\/\/comfortdent.lv\/en\/wp-json\/wp\/v2\/pages"}],"about":[{"href":"https:\/\/comfortdent.lv\/en\/wp-json\/wp\/v2\/types\/page"}],"author":[{"embeddable":true,"href":"https:\/\/comfortdent.lv\/en\/wp-json\/wp\/v2\/users\/1"}],"replies":[{"embeddable":true,"href":"https:\/\/comfortdent.lv\/en\/wp-json\/wp\/v2\/comments?post=1748"}],"version-history":[{"count":3,"href":"https:\/\/comfortdent.lv\/en\/wp-json\/wp\/v2\/pages\/1748\/revisions"}],"predecessor-version":[{"id":9043,"href":"https:\/\/comfortdent.lv\/en\/wp-json\/wp\/v2\/pages\/1748\/revisions\/9043"}],"wp:attachment":[{"href":"https:\/\/comfortdent.lv\/en\/wp-json\/wp\/v2\/media?parent=1748"}],"curies":[{"name":"wp","href":"https:\/\/api.w.org\/{rel}","templated":true}]}}